{"id":12835,"date":"2023-12-06T16:34:39","date_gmt":"2023-12-06T15:34:39","guid":{"rendered":"https:\/\/www.masgeneros.com\/?page_id=12835"},"modified":"2024-01-22T15:53:32","modified_gmt":"2024-01-22T14:53:32","slug":"galeria-mas-generos","status":"publish","type":"page","link":"https:\/\/www.masgeneros.com\/ca\/galeria-mas-generos\/","title":{"rendered":"Galeria Mas Generos"},"content":{"rendered":"\t\t<div data-elementor-type=\"wp-post\" data-elementor-id=\"12835\" class=\"elementor elementor-12835 elementor-12834\">\n\t\t\t\t\t\t<section class=\"elementor-section elementor-top-section elementor-element elementor-element-8d35f64 elementor-section-stretched elementor-section-height-min-height elementor-section-items-bottom elementor-section-content-bottom elementor-section-boxed elementor-section-height-default\" data-id=\"8d35f64\" data-element_type=\"section\" data-e-type=\"section\" data-settings=\"{&quot;stretch_section&quot;:&quot;section-stretched&quot;,&quot;background_background&quot;:&quot;classic&quot;,&quot;architecturer_ext_is_background_parallax&quot;:&quot;false&quot;,&quot;architecturer_ext_is_background_on_scroll&quot;:&quot;false&quot;}\">\n\t\t\t\t\t\t\t<div class=\"elementor-background-overlay\"><\/div>\n\t\t\t\t\t\t\t<div class=\"elementor-container elementor-column-gap-default\">\n\t\t\t\t\t<div class=\"elementor-column elementor-col-50 elementor-top-column elementor-element elementor-element-9ae188a\" data-id=\"9ae188a\" data-element_type=\"column\" data-e-type=\"column\" data-settings=\"{&quot;architecturer_ext_is_mobile_menu&quot;:&quot;false&quot;,&quot;architecturer_ext_is_scrollme&quot;:&quot;false&quot;,&quot;architecturer_ext_is_smoove&quot;:&quot;false&quot;,&quot;architecturer_ext_is_parallax_mouse&quot;:&quot;false&quot;,&quot;architecturer_ext_is_infinite&quot;:&quot;false&quot;,&quot;architecturer_ext_is_fadeout_animation&quot;:&quot;false&quot;}\">\n\t\t\t<div class=\"elementor-widget-wrap\">\n\t\t\t\t\t\t\t<\/div>\n\t\t<\/div>\n\t\t\t\t<div class=\"elementor-column elementor-col-50 elementor-top-column elementor-element elementor-element-0c76c75\" data-id=\"0c76c75\" data-element_type=\"column\" data-e-type=\"column\" data-settings=\"{&quot;architecturer_ext_is_mobile_menu&quot;:&quot;false&quot;,&quot;architecturer_ext_is_scrollme&quot;:&quot;false&quot;,&quot;architecturer_ext_is_smoove&quot;:&quot;false&quot;,&quot;architecturer_ext_is_parallax_mouse&quot;:&quot;false&quot;,&quot;architecturer_ext_is_infinite&quot;:&quot;false&quot;,&quot;architecturer_ext_is_fadeout_animation&quot;:&quot;false&quot;}\">\n\t\t\t<div class=\"elementor-widget-wrap\">\n\t\t\t\t\t\t\t<\/div>\n\t\t<\/div>\n\t\t\t\t\t<\/div>\n\t\t<\/section>\n\t\t\t\t<section class=\"elementor-section elementor-top-section elementor-element elementor-element-9b183bc elementor-section-full_width elementor-section-stretched elementor-section-height-default elementor-section-height-default\" data-id=\"9b183bc\" data-element_type=\"section\" data-e-type=\"section\" data-settings=\"{&quot;stretch_section&quot;:&quot;section-stretched&quot;,&quot;background_background&quot;:&quot;classic&quot;,&quot;architecturer_ext_is_background_parallax&quot;:&quot;false&quot;,&quot;architecturer_ext_is_background_on_scroll&quot;:&quot;false&quot;}\">\n\t\t\t\t\t\t<div class=\"elementor-container elementor-column-gap-default\">\n\t\t\t\t\t<div class=\"elementor-column elementor-col-100 elementor-top-column elementor-element elementor-element-24efe2e\" data-id=\"24efe2e\" data-element_type=\"column\" data-e-type=\"column\" data-settings=\"{&quot;background_background&quot;:&quot;classic&quot;,&quot;architecturer_ext_is_mobile_menu&quot;:&quot;false&quot;,&quot;architecturer_ext_is_scrollme&quot;:&quot;false&quot;,&quot;architecturer_ext_is_smoove&quot;:&quot;false&quot;,&quot;architecturer_ext_is_parallax_mouse&quot;:&quot;false&quot;,&quot;architecturer_ext_is_infinite&quot;:&quot;false&quot;,&quot;architecturer_ext_is_fadeout_animation&quot;:&quot;false&quot;}\">\n\t\t\t<div class=\"elementor-widget-wrap elementor-element-populated\">\n\t\t\t\t\t\t<div class=\"elementor-element elementor-element-63a077b elementor-widget__width-inherit elementor-widget elementor-widget-photographer-gallery-masonry\" data-id=\"63a077b\" data-element_type=\"widget\" data-e-type=\"widget\" data-settings=\"{&quot;architecturer_ext_is_mobile_menu&quot;:&quot;false&quot;,&quot;architecturer_ext_is_scrollme&quot;:&quot;false&quot;,&quot;architecturer_ext_is_smoove&quot;:&quot;false&quot;,&quot;architecturer_ext_is_parallax_mouse&quot;:&quot;false&quot;,&quot;architecturer_ext_is_infinite&quot;:&quot;false&quot;,&quot;architecturer_ext_is_fadeout_animation&quot;:&quot;false&quot;}\" data-widget_type=\"photographer-gallery-masonry.default\">\n\t\t\t\t<div class=\"elementor-widget-container\">\n\t\t\t\t\t<div class=\"gallery_grid_content_wrapper do_masonry layout_tg_four_cols has_space\" data-cols=\"4\">\n\t\t<div class=\"gallery_grid_item tg_four_cols  \">\n\t\t\t\t\t\t\t<img decoding=\"async\" src=\"https:\/\/www.masgeneros.com\/wp-content\/uploads\/2020\/06\/DSCF2312-440x587.jpg\" class=\"lazy_masonry\" alt=\"\" \/>\n\t\t\t\t\t<\/div>\n\t\t<div class=\"gallery_grid_item tg_four_cols  \">\n\t\t\t\t\t\t\t<img decoding=\"async\" src=\"https:\/\/www.masgeneros.com\/wp-content\/uploads\/2022\/06\/DSF1076-440x587.jpg\" class=\"lazy_masonry\" alt=\"\" \/>\n\t\t\t\t\t<\/div>\n\t\t<div class=\"gallery_grid_item tg_four_cols  \">\n\t\t\t\t\t\t\t<img decoding=\"async\" src=\"https:\/\/www.masgeneros.com\/wp-content\/uploads\/2022\/06\/DSF1054-440x330.jpg\" class=\"lazy_masonry\" alt=\"\" \/>\n\t\t\t\t\t<\/div>\n\t\t<div class=\"gallery_grid_item tg_four_cols last \">\n\t\t\t\t\t\t\t<img decoding=\"async\" src=\"https:\/\/www.masgeneros.com\/wp-content\/uploads\/2020\/06\/test2-440x330.jpg\" class=\"lazy_masonry\" alt=\"\" \/>\n\t\t\t\t\t<\/div>\n\t\t<div class=\"gallery_grid_item tg_four_cols  \">\n\t\t\t\t\t\t\t<img decoding=\"async\" src=\"https:\/\/www.masgeneros.com\/wp-content\/uploads\/2020\/06\/DSCF2244-440x330.jpg\" class=\"lazy_masonry\" alt=\"\" \/>\n\t\t\t\t\t<\/div>\n\t\t<div class=\"gallery_grid_item tg_four_cols  \">\n\t\t\t\t\t\t\t<img decoding=\"async\" src=\"https:\/\/www.masgeneros.com\/wp-content\/uploads\/2023\/12\/DSF0497-440x587.jpg\" class=\"lazy_masonry\" alt=\"\" \/>\n\t\t\t\t\t<\/div>\n\t\t<div class=\"gallery_grid_item tg_four_cols  \">\n\t\t\t\t\t\t\t<img decoding=\"async\" src=\"https:\/\/www.masgeneros.com\/wp-content\/uploads\/2023\/12\/DSF0978-440x587.jpg\" class=\"lazy_masonry\" alt=\"\" \/>\n\t\t\t\t\t<\/div>\n\t\t<div class=\"gallery_grid_item tg_four_cols last \">\n\t\t\t\t\t\t\t<img decoding=\"async\" src=\"https:\/\/www.masgeneros.com\/wp-content\/uploads\/2023\/12\/DSF0471-440x587.jpg\" class=\"lazy_masonry\" alt=\"\" \/>\n\t\t\t\t\t<\/div>\n\t\t<div class=\"gallery_grid_item tg_four_cols  \">\n\t\t\t\t\t\t\t<img decoding=\"async\" src=\"https:\/\/www.masgeneros.com\/wp-content\/uploads\/2022\/06\/DSF0929-440x587.jpg\" class=\"lazy_masonry\" alt=\"\" \/>\n\t\t\t\t\t<\/div>\n\t\t<div class=\"gallery_grid_item tg_four_cols  \">\n\t\t\t\t\t\t\t<img decoding=\"async\" src=\"https:\/\/www.masgeneros.com\/wp-content\/uploads\/2022\/06\/DSF0748-440x587.jpg\" class=\"lazy_masonry\" alt=\"\" \/>\n\t\t\t\t\t<\/div>\n\t\t<div class=\"gallery_grid_item tg_four_cols  \">\n\t\t\t\t\t\t\t<img decoding=\"async\" src=\"https:\/\/www.masgeneros.com\/wp-content\/uploads\/2020\/06\/DSCF2441-1-440x587.jpg\" class=\"lazy_masonry\" alt=\"\" \/>\n\t\t\t\t\t<\/div>\n\t\t<div class=\"gallery_grid_item tg_four_cols last \">\n\t\t\t\t\t\t\t<img decoding=\"async\" src=\"https:\/\/www.masgeneros.com\/wp-content\/uploads\/2020\/06\/DSCF2554-440x587.jpg\" class=\"lazy_masonry\" alt=\"\" \/>\n\t\t\t\t\t<\/div>\n\t\t<div class=\"gallery_grid_item tg_four_cols  \">\n\t\t\t\t\t\t\t<img decoding=\"async\" src=\"https:\/\/www.masgeneros.com\/wp-content\/uploads\/2023\/12\/DSCF2553-440x587.jpg\" class=\"lazy_masonry\" alt=\"\" \/>\n\t\t\t\t\t<\/div>\n\t\t<div class=\"gallery_grid_item tg_four_cols  \">\n\t\t\t\t\t\t\t<img decoding=\"async\" src=\"https:\/\/www.masgeneros.com\/wp-content\/uploads\/2023\/12\/DSCF2655-440x587.jpg\" class=\"lazy_masonry\" alt=\"\" \/>\n\t\t\t\t\t<\/div>\n\t\t<div class=\"gallery_grid_item tg_four_cols  \">\n\t\t\t\t\t\t\t<img decoding=\"async\" src=\"https:\/\/www.masgeneros.com\/wp-content\/uploads\/2022\/06\/DSF0821-440x330.jpg\" class=\"lazy_masonry\" alt=\"\" \/>\n\t\t\t\t\t<\/div>\n\t\t<div class=\"gallery_grid_item tg_four_cols last \">\n\t\t\t\t\t\t\t<img decoding=\"async\" src=\"https:\/\/www.masgeneros.com\/wp-content\/uploads\/2022\/06\/DSF0117-440x330.jpg\" class=\"lazy_masonry\" alt=\"\" \/>\n\t\t\t\t\t<\/div>\n\t\t<div class=\"gallery_grid_item tg_four_cols  \">\n\t\t\t\t\t\t\t<img decoding=\"async\" src=\"https:\/\/www.masgeneros.com\/wp-content\/uploads\/2022\/06\/DSF0655-440x587.jpg\" class=\"lazy_masonry\" alt=\"\" \/>\n\t\t\t\t\t<\/div>\n\t\t<div class=\"gallery_grid_item tg_four_cols  \">\n\t\t\t\t\t\t\t<img decoding=\"async\" src=\"https:\/\/www.masgeneros.com\/wp-content\/uploads\/2022\/06\/DSF0930-440x587.jpg\" class=\"lazy_masonry\" alt=\"\" \/>\n\t\t\t\t\t<\/div>\n\t\t<div class=\"gallery_grid_item tg_four_cols  \">\n\t\t\t\t\t\t\t<img decoding=\"async\" src=\"https:\/\/www.masgeneros.com\/wp-content\/uploads\/2022\/06\/DSF0350-440x587.jpg\" class=\"lazy_masonry\" alt=\"\" \/>\n\t\t\t\t\t<\/div>\n\t\t<div class=\"gallery_grid_item tg_four_cols last \">\n\t\t\t\t\t\t\t<img decoding=\"async\" src=\"https:\/\/www.masgeneros.com\/wp-content\/uploads\/2022\/02\/home-top-bg-hotel-mob-440x660.jpg\" class=\"lazy_masonry\" alt=\"\" \/>\n\t\t\t\t\t<\/div>\n\t\t<div class=\"gallery_grid_item tg_four_cols  \">\n\t\t\t\t\t\t\t<img decoding=\"async\" src=\"https:\/\/www.masgeneros.com\/wp-content\/uploads\/2020\/06\/DSCF2480-1-440x330.jpg\" class=\"lazy_masonry\" alt=\"\" \/>\n\t\t\t\t\t<\/div>\n\t\t<div class=\"gallery_grid_item tg_four_cols  \">\n\t\t\t\t\t\t\t<img decoding=\"async\" src=\"https:\/\/www.masgeneros.com\/wp-content\/uploads\/2020\/06\/DSCF2512-440x587.jpg\" class=\"lazy_masonry\" alt=\"\" \/>\n\t\t\t\t\t<\/div>\n\t\t<div class=\"gallery_grid_item tg_four_cols  \">\n\t\t\t\t\t\t\t<img decoding=\"async\" src=\"https:\/\/www.masgeneros.com\/wp-content\/uploads\/2020\/06\/DSCF2921-440x587.jpg\" class=\"lazy_masonry\" alt=\"\" \/>\n\t\t\t\t\t<\/div>\n\t\t<div class=\"gallery_grid_item tg_four_cols last \">\n\t\t\t\t\t\t\t<img decoding=\"async\" src=\"https:\/\/www.masgeneros.com\/wp-content\/uploads\/2020\/06\/DSCF2285-440x587.jpg\" class=\"lazy_masonry\" alt=\"\" \/>\n\t\t\t\t\t<\/div>\n\t\t<div class=\"gallery_grid_item tg_four_cols  \">\n\t\t\t\t\t\t\t<img decoding=\"async\" src=\"https:\/\/www.masgeneros.com\/wp-content\/uploads\/2020\/06\/DSCF2708-440x330.jpg\" class=\"lazy_masonry\" alt=\"\" \/>\n\t\t\t\t\t<\/div>\n\t\t<div class=\"gallery_grid_item tg_four_cols  \">\n\t\t\t\t\t\t\t<img decoding=\"async\" src=\"https:\/\/www.masgeneros.com\/wp-content\/uploads\/2020\/06\/DSCF2717-440x587.jpg\" class=\"lazy_masonry\" alt=\"\" \/>\n\t\t\t\t\t<\/div>\n\t\t<div class=\"gallery_grid_item tg_four_cols  \">\n\t\t\t\t\t\t\t<img decoding=\"async\" src=\"https:\/\/www.masgeneros.com\/wp-content\/uploads\/2022\/06\/DSF0545-440x587.jpg\" class=\"lazy_masonry\" alt=\"\" \/>\n\t\t\t\t\t<\/div>\n\t\t<div class=\"gallery_grid_item tg_four_cols last \">\n\t\t\t\t\t\t\t<img decoding=\"async\" src=\"https:\/\/www.masgeneros.com\/wp-content\/uploads\/2020\/06\/DSCF2355-440x330.jpg\" class=\"lazy_masonry\" alt=\"\" \/>\n\t\t\t\t\t<\/div>\n\t\t<div class=\"gallery_grid_item tg_four_cols  \">\n\t\t\t\t\t\t\t<img decoding=\"async\" src=\"https:\/\/www.masgeneros.com\/wp-content\/uploads\/2020\/06\/DSCF2894-1-440x330.jpg\" class=\"lazy_masonry\" alt=\"\" \/>\n\t\t\t\t\t<\/div>\n\t\t<div class=\"gallery_grid_item tg_four_cols  \">\n\t\t\t\t\t\t\t<img decoding=\"async\" src=\"https:\/\/www.masgeneros.com\/wp-content\/uploads\/2020\/06\/DSCF2631-440x587.jpg\" class=\"lazy_masonry\" alt=\"\" \/>\n\t\t\t\t\t<\/div>\n\t\t<div class=\"gallery_grid_item tg_four_cols  \">\n\t\t\t\t\t\t\t<img decoding=\"async\" src=\"https:\/\/www.masgeneros.com\/wp-content\/uploads\/2020\/06\/DSCF2540-440x330.jpg\" class=\"lazy_masonry\" alt=\"\" \/>\n\t\t\t\t\t<\/div>\n\t\t<div class=\"gallery_grid_item tg_four_cols last \">\n\t\t\t\t\t\t\t<img decoding=\"async\" src=\"https:\/\/www.masgeneros.com\/wp-content\/uploads\/2020\/06\/DSCF2743-440x330.jpg\" class=\"lazy_masonry\" alt=\"\" \/>\n\t\t\t\t\t<\/div>\n\t\t<div class=\"gallery_grid_item tg_four_cols  \">\n\t\t\t\t\t\t\t<img decoding=\"async\" src=\"https:\/\/www.masgeneros.com\/wp-content\/uploads\/2020\/06\/DSCF2475-440x330.jpg\" class=\"lazy_masonry\" alt=\"\" \/>\n\t\t\t\t\t<\/div>\n\t\t<div class=\"gallery_grid_item tg_four_cols  \">\n\t\t\t\t\t\t\t<img decoding=\"async\" src=\"https:\/\/www.masgeneros.com\/wp-content\/uploads\/2020\/06\/DSCF2820-440x587.jpg\" class=\"lazy_masonry\" alt=\"\" \/>\n\t\t\t\t\t<\/div>\n\t\t<div class=\"gallery_grid_item tg_four_cols  \">\n\t\t\t\t\t\t\t<img decoding=\"async\" src=\"https:\/\/www.masgeneros.com\/wp-content\/uploads\/2020\/06\/DSCF2690-440x587.jpg\" class=\"lazy_masonry\" alt=\"\" \/>\n\t\t\t\t\t<\/div>\n\t\t<div class=\"gallery_grid_item tg_four_cols last \">\n\t\t\t\t\t\t\t<img decoding=\"async\" src=\"https:\/\/www.masgeneros.com\/wp-content\/uploads\/2020\/06\/DSCF2488-440x330.jpg\" class=\"lazy_masonry\" alt=\"\" \/>\n\t\t\t\t\t<\/div>\n\t\t<div class=\"gallery_grid_item tg_four_cols  \">\n\t\t\t\t\t\t\t<img decoding=\"async\" src=\"https:\/\/www.masgeneros.com\/wp-content\/uploads\/2020\/06\/DSCF2831-440x587.jpg\" class=\"lazy_masonry\" alt=\"\" \/>\n\t\t\t\t\t<\/div>\n\t\t<div class=\"gallery_grid_item tg_four_cols  \">\n\t\t\t\t\t\t\t<img decoding=\"async\" src=\"https:\/\/www.masgeneros.com\/wp-content\/uploads\/2020\/06\/DSCF2852-440x587.jpg\" class=\"lazy_masonry\" alt=\"\" \/>\n\t\t\t\t\t<\/div>\n\t\t<div class=\"gallery_grid_item tg_four_cols  \">\n\t\t\t\t\t\t\t<img decoding=\"async\" src=\"https:\/\/www.masgeneros.com\/wp-content\/uploads\/2020\/06\/DSCF2884-440x330.jpg\" class=\"lazy_masonry\" alt=\"\" \/>\n\t\t\t\t\t<\/div>\n\t\t<div class=\"gallery_grid_item tg_four_cols last \">\n\t\t\t\t\t\t\t<img decoding=\"async\" src=\"https:\/\/www.masgeneros.com\/wp-content\/uploads\/2020\/06\/DSCF2759-440x330.jpg\" class=\"lazy_masonry\" alt=\"\" \/>\n\t\t\t\t\t<\/div>\n\t\t<div class=\"gallery_grid_item tg_four_cols  \">\n\t\t\t\t\t\t\t<img decoding=\"async\" src=\"https:\/\/www.masgeneros.com\/wp-content\/uploads\/2020\/06\/DSCF2455-440x330.jpg\" class=\"lazy_masonry\" alt=\"\" \/>\n\t\t\t\t\t<\/div>\n\t\t<div class=\"gallery_grid_item tg_four_cols  \">\n\t\t\t\t\t\t\t<img decoding=\"async\" src=\"https:\/\/www.masgeneros.com\/wp-content\/uploads\/2020\/06\/DSCF2775-440x330.jpg\" class=\"lazy_masonry\" alt=\"\" \/>\n\t\t\t\t\t<\/div>\n\t\t<div class=\"gallery_grid_item tg_four_cols  \">\n\t\t\t\t\t\t\t<img decoding=\"async\" src=\"https:\/\/www.masgeneros.com\/wp-content\/uploads\/2020\/06\/DSCF2649-440x587.jpg\" class=\"lazy_masonry\" alt=\"\" \/>\n\t\t\t\t\t<\/div>\n\t\t<div class=\"gallery_grid_item tg_four_cols last \">\n\t\t\t\t\t\t\t<img decoding=\"async\" src=\"https:\/\/www.masgeneros.com\/wp-content\/uploads\/2020\/06\/DSCF2643-440x330.jpg\" class=\"lazy_masonry\" alt=\"\" \/>\n\t\t\t\t\t<\/div>\n\t\t<div class=\"gallery_grid_item tg_four_cols  \">\n\t\t\t\t\t\t\t<img decoding=\"async\" src=\"https:\/\/www.masgeneros.com\/wp-content\/uploads\/2020\/06\/DSCF2813-440x587.jpg\" class=\"lazy_masonry\" alt=\"\" \/>\n\t\t\t\t\t<\/div>\n\t\t<div class=\"gallery_grid_item tg_four_cols  \">\n\t\t\t\t\t\t\t<img decoding=\"async\" src=\"https:\/\/www.masgeneros.com\/wp-content\/uploads\/2020\/06\/DSCF2796-440x330.jpg\" class=\"lazy_masonry\" alt=\"\" \/>\n\t\t\t\t\t<\/div>\n\t\t<div class=\"gallery_grid_item tg_four_cols  \">\n\t\t\t\t\t\t\t<img decoding=\"async\" src=\"https:\/\/www.masgeneros.com\/wp-content\/uploads\/2020\/06\/DSCF2501-440x330.jpg\" class=\"lazy_masonry\" alt=\"\" \/>\n\t\t\t\t\t<\/div>\n\t\t<div class=\"gallery_grid_item tg_four_cols last \">\n\t\t\t\t\t\t\t<img decoding=\"async\" src=\"https:\/\/www.masgeneros.com\/wp-content\/uploads\/2022\/06\/DSF0505-copia-440x371.jpg\" class=\"lazy_masonry\" alt=\"\" \/>\n\t\t\t\t\t<\/div>\n\t\t<div class=\"gallery_grid_item tg_four_cols  \">\n\t\t\t\t\t\t\t<img decoding=\"async\" src=\"https:\/\/www.masgeneros.com\/wp-content\/uploads\/2020\/06\/DSCF2596-440x587.jpg\" class=\"lazy_masonry\" alt=\"\" \/>\n\t\t\t\t\t<\/div>\n\t\t<div class=\"gallery_grid_item tg_four_cols  \">\n\t\t\t\t\t\t\t<img decoding=\"async\" src=\"https:\/\/www.masgeneros.com\/wp-content\/uploads\/2020\/06\/DSCF2239-440x587.jpg\" class=\"lazy_masonry\" alt=\"\" \/>\n\t\t\t\t\t<\/div>\n<br class=\"clear\"\/>\n<\/div>\n\t\t\t\t<\/div>\n\t\t\t\t<\/div>\n\t\t\t\t\t<\/div>\n\t\t<\/div>\n\t\t\t\t\t<\/div>\n\t\t<\/section>\n\t\t\t\t<\/div>\n\t\t","protected":false},"excerpt":{"rendered":"","protected":false},"author":2,"featured_media":0,"parent":0,"menu_order":0,"comment_status":"closed","ping_status":"closed","template":"","meta":{"footnotes":""},"class_list":["post-12835","page","type-page","status-publish","hentry"],"yoast_head":"<!-- This site is optimized with the Yoast SEO plugin v27.4 - https:\/\/yoast.com\/product\/yoast-seo-wordpress\/ -->\n<title>Galeria Mas Generos - Mas Gener\u00f3s<\/title>\n<meta name=\"description\" content=\"Situado en el Empordanet, Mas Gener\u00f3s ofrece gran variedad de actividades; ciclismo, rutas gastron\u00f3micas y deportes de playa son solo algunas.\" \/>\n<meta name=\"robots\" content=\"index, follow, max-snippet:-1, max-image-preview:large, max-video-preview:-1\" \/>\n<link rel=\"canonical\" href=\"https:\/\/www.masgeneros.com\/ca\/galeria-mas-generos\/\" \/>\n<meta property=\"og:locale\" content=\"ca_ES\" \/>\n<meta property=\"og:type\" content=\"article\" \/>\n<meta property=\"og:title\" content=\"Galeria Mas Generos - Mas Gener\u00f3s\" \/>\n<meta property=\"og:description\" content=\"Situado en el Empordanet, Mas Gener\u00f3s ofrece gran variedad de actividades; ciclismo, rutas gastron\u00f3micas y deportes de playa son solo algunas.\" \/>\n<meta property=\"og:url\" content=\"https:\/\/www.masgeneros.com\/ca\/galeria-mas-generos\/\" \/>\n<meta property=\"og:site_name\" content=\"Mas Gener\u00f3s\" \/>\n<meta property=\"article:modified_time\" content=\"2024-01-22T14:53:32+00:00\" \/>\n<meta property=\"og:image\" content=\"https:\/\/www.masgeneros.com\/wp-content\/uploads\/2020\/06\/DSCF2312-440x587.jpg\" \/>\n<meta name=\"twitter:card\" content=\"summary_large_image\" \/>\n<meta name=\"twitter:label1\" content=\"Temps estimat de lectura\" \/>\n\t<meta name=\"twitter:data1\" content=\"10 minuts\" \/>\n<script type=\"application\/ld+json\" class=\"yoast-schema-graph\">{\"@context\":\"https:\\\/\\\/schema.org\",\"@graph\":[{\"@type\":\"WebPage\",\"@id\":\"https:\\\/\\\/www.masgeneros.com\\\/ca\\\/galeria-mas-generos\\\/\",\"url\":\"https:\\\/\\\/www.masgeneros.com\\\/ca\\\/galeria-mas-generos\\\/\",\"name\":\"Galeria Mas Generos - Mas Gener\u00f3s\",\"isPartOf\":{\"@id\":\"https:\\\/\\\/www.masgeneros.com\\\/ca\\\/#website\"},\"primaryImageOfPage\":{\"@id\":\"https:\\\/\\\/www.masgeneros.com\\\/ca\\\/galeria-mas-generos\\\/#primaryimage\"},\"image\":{\"@id\":\"https:\\\/\\\/www.masgeneros.com\\\/ca\\\/galeria-mas-generos\\\/#primaryimage\"},\"thumbnailUrl\":\"https:\\\/\\\/www.masgeneros.com\\\/wp-content\\\/uploads\\\/2020\\\/06\\\/DSCF2312-440x587.jpg\",\"datePublished\":\"2023-12-06T15:34:39+00:00\",\"dateModified\":\"2024-01-22T14:53:32+00:00\",\"description\":\"Situado en el Empordanet, Mas Gener\u00f3s ofrece gran variedad de actividades; ciclismo, rutas gastron\u00f3micas y deportes de playa son solo algunas.\",\"breadcrumb\":{\"@id\":\"https:\\\/\\\/www.masgeneros.com\\\/ca\\\/galeria-mas-generos\\\/#breadcrumb\"},\"inLanguage\":\"ca\",\"potentialAction\":[{\"@type\":\"ReadAction\",\"target\":[\"https:\\\/\\\/www.masgeneros.com\\\/ca\\\/galeria-mas-generos\\\/\"]}]},{\"@type\":\"ImageObject\",\"inLanguage\":\"ca\",\"@id\":\"https:\\\/\\\/www.masgeneros.com\\\/ca\\\/galeria-mas-generos\\\/#primaryimage\",\"url\":\"https:\\\/\\\/www.masgeneros.com\\\/wp-content\\\/uploads\\\/2020\\\/06\\\/DSCF2312-440x587.jpg\",\"contentUrl\":\"https:\\\/\\\/www.masgeneros.com\\\/wp-content\\\/uploads\\\/2020\\\/06\\\/DSCF2312-440x587.jpg\"},{\"@type\":\"BreadcrumbList\",\"@id\":\"https:\\\/\\\/www.masgeneros.com\\\/ca\\\/galeria-mas-generos\\\/#breadcrumb\",\"itemListElement\":[{\"@type\":\"ListItem\",\"position\":1,\"name\":\"Inici\",\"item\":\"https:\\\/\\\/www.masgeneros.com\\\/ca\\\/\"},{\"@type\":\"ListItem\",\"position\":2,\"name\":\"Galeria Mas Generos\"}]},{\"@type\":\"WebSite\",\"@id\":\"https:\\\/\\\/www.masgeneros.com\\\/ca\\\/#website\",\"url\":\"https:\\\/\\\/www.masgeneros.com\\\/ca\\\/\",\"name\":\"Mas Gener\u00f3s\",\"description\":\"Alojamiento rural sostenible en Fonteta, Baix Empord\u00e0\",\"potentialAction\":[{\"@type\":\"SearchAction\",\"target\":{\"@type\":\"EntryPoint\",\"urlTemplate\":\"https:\\\/\\\/www.masgeneros.com\\\/ca\\\/?s={search_term_string}\"},\"query-input\":{\"@type\":\"PropertyValueSpecification\",\"valueRequired\":true,\"valueName\":\"search_term_string\"}}],\"inLanguage\":\"ca\"}]}<\/script>\n<!-- \/ Yoast SEO plugin. -->","yoast_head_json":{"title":"Galeria Mas Generos - Mas Gener\u00f3s","description":"Situado en el Empordanet, Mas Gener\u00f3s ofrece gran variedad de actividades; ciclismo, rutas gastron\u00f3micas y deportes de playa son solo algunas.","robots":{"index":"index","follow":"follow","max-snippet":"max-snippet:-1","max-image-preview":"max-image-preview:large","max-video-preview":"max-video-preview:-1"},"canonical":"https:\/\/www.masgeneros.com\/ca\/galeria-mas-generos\/","og_locale":"ca_ES","og_type":"article","og_title":"Galeria Mas Generos - Mas Gener\u00f3s","og_description":"Situado en el Empordanet, Mas Gener\u00f3s ofrece gran variedad de actividades; ciclismo, rutas gastron\u00f3micas y deportes de playa son solo algunas.","og_url":"https:\/\/www.masgeneros.com\/ca\/galeria-mas-generos\/","og_site_name":"Mas Gener\u00f3s","article_modified_time":"2024-01-22T14:53:32+00:00","og_image":[{"url":"https:\/\/www.masgeneros.com\/wp-content\/uploads\/2020\/06\/DSCF2312-440x587.jpg","type":"","width":"","height":""}],"twitter_card":"summary_large_image","twitter_misc":{"Temps estimat de lectura":"10 minuts"},"schema":{"@context":"https:\/\/schema.org","@graph":[{"@type":"WebPage","@id":"https:\/\/www.masgeneros.com\/ca\/galeria-mas-generos\/","url":"https:\/\/www.masgeneros.com\/ca\/galeria-mas-generos\/","name":"Galeria Mas Generos - Mas Gener\u00f3s","isPartOf":{"@id":"https:\/\/www.masgeneros.com\/ca\/#website"},"primaryImageOfPage":{"@id":"https:\/\/www.masgeneros.com\/ca\/galeria-mas-generos\/#primaryimage"},"image":{"@id":"https:\/\/www.masgeneros.com\/ca\/galeria-mas-generos\/#primaryimage"},"thumbnailUrl":"https:\/\/www.masgeneros.com\/wp-content\/uploads\/2020\/06\/DSCF2312-440x587.jpg","datePublished":"2023-12-06T15:34:39+00:00","dateModified":"2024-01-22T14:53:32+00:00","description":"Situado en el Empordanet, Mas Gener\u00f3s ofrece gran variedad de actividades; ciclismo, rutas gastron\u00f3micas y deportes de playa son solo algunas.","breadcrumb":{"@id":"https:\/\/www.masgeneros.com\/ca\/galeria-mas-generos\/#breadcrumb"},"inLanguage":"ca","potentialAction":[{"@type":"ReadAction","target":["https:\/\/www.masgeneros.com\/ca\/galeria-mas-generos\/"]}]},{"@type":"ImageObject","inLanguage":"ca","@id":"https:\/\/www.masgeneros.com\/ca\/galeria-mas-generos\/#primaryimage","url":"https:\/\/www.masgeneros.com\/wp-content\/uploads\/2020\/06\/DSCF2312-440x587.jpg","contentUrl":"https:\/\/www.masgeneros.com\/wp-content\/uploads\/2020\/06\/DSCF2312-440x587.jpg"},{"@type":"BreadcrumbList","@id":"https:\/\/www.masgeneros.com\/ca\/galeria-mas-generos\/#breadcrumb","itemListElement":[{"@type":"ListItem","position":1,"name":"Inici","item":"https:\/\/www.masgeneros.com\/ca\/"},{"@type":"ListItem","position":2,"name":"Galeria Mas Generos"}]},{"@type":"WebSite","@id":"https:\/\/www.masgeneros.com\/ca\/#website","url":"https:\/\/www.masgeneros.com\/ca\/","name":"Mas Gener\u00f3s","description":"Alojamiento rural sostenible en Fonteta, Baix Empord\u00e0","potentialAction":[{"@type":"SearchAction","target":{"@type":"EntryPoint","urlTemplate":"https:\/\/www.masgeneros.com\/ca\/?s={search_term_string}"},"query-input":{"@type":"PropertyValueSpecification","valueRequired":true,"valueName":"search_term_string"}}],"inLanguage":"ca"}]}},"_links":{"self":[{"href":"https:\/\/www.masgeneros.com\/ca\/wp-json\/wp\/v2\/pages\/12835","targetHints":{"allow":["GET"]}}],"collection":[{"href":"https:\/\/www.masgeneros.com\/ca\/wp-json\/wp\/v2\/pages"}],"about":[{"href":"https:\/\/www.masgeneros.com\/ca\/wp-json\/wp\/v2\/types\/page"}],"author":[{"embeddable":true,"href":"https:\/\/www.masgeneros.com\/ca\/wp-json\/wp\/v2\/users\/2"}],"replies":[{"embeddable":true,"href":"https:\/\/www.masgeneros.com\/ca\/wp-json\/wp\/v2\/comments?post=12835"}],"version-history":[{"count":0,"href":"https:\/\/www.masgeneros.com\/ca\/wp-json\/wp\/v2\/pages\/12835\/revisions"}],"wp:attachment":[{"href":"https:\/\/www.masgeneros.com\/ca\/wp-json\/wp\/v2\/media?parent=12835"}],"curies":[{"name":"wp","href":"https:\/\/api.w.org\/{rel}","templated":true}]}}