{"id":4656,"date":"2020-03-23T18:51:37","date_gmt":"2020-03-23T16:51:37","guid":{"rendered":"https:\/\/www.masgeneros.com\/blog-mas-generos\/"},"modified":"2023-05-04T17:10:17","modified_gmt":"2023-05-04T15:10:17","slug":"blog-mas-generos","status":"publish","type":"page","link":"https:\/\/www.masgeneros.com\/ca\/blog-mas-generos\/","title":{"rendered":"Premsa"},"content":{"rendered":"\t\t<div data-elementor-type=\"wp-post\" data-elementor-id=\"4656\" class=\"elementor elementor-4656\">\n\t\t\t\t\t\t<section class=\"elementor-section elementor-top-section elementor-element elementor-element-8b36389 elementor-section-boxed elementor-section-height-default elementor-section-height-default\" data-id=\"8b36389\" data-element_type=\"section\" data-e-type=\"section\" data-settings=\"{&quot;architecturer_ext_is_background_parallax&quot;:&quot;false&quot;,&quot;architecturer_ext_is_background_on_scroll&quot;:&quot;false&quot;}\">\n\t\t\t\t\t\t<div class=\"elementor-container elementor-column-gap-default\">\n\t\t\t\t\t<div class=\"elementor-column elementor-col-100 elementor-top-column elementor-element elementor-element-54d54a1\" data-id=\"54d54a1\" data-element_type=\"column\" data-e-type=\"column\" data-settings=\"{&quot;architecturer_ext_is_mobile_menu&quot;:&quot;false&quot;,&quot;architecturer_ext_is_scrollme&quot;:&quot;false&quot;,&quot;architecturer_ext_is_smoove&quot;:&quot;false&quot;,&quot;architecturer_ext_is_parallax_mouse&quot;:&quot;false&quot;,&quot;architecturer_ext_is_infinite&quot;:&quot;false&quot;,&quot;architecturer_ext_is_fadeout_animation&quot;:&quot;false&quot;}\">\n\t\t\t<div class=\"elementor-widget-wrap elementor-element-populated\">\n\t\t\t\t\t\t<div class=\"elementor-element elementor-element-a914183 elementor-widget elementor-widget-photographer-blog-posts\" data-id=\"a914183\" data-element_type=\"widget\" data-e-type=\"widget\" data-settings=\"{&quot;architecturer_ext_is_mobile_menu&quot;:&quot;false&quot;,&quot;architecturer_ext_is_scrollme&quot;:&quot;false&quot;,&quot;architecturer_ext_is_smoove&quot;:&quot;false&quot;,&quot;architecturer_ext_is_parallax_mouse&quot;:&quot;false&quot;,&quot;architecturer_ext_is_infinite&quot;:&quot;false&quot;,&quot;architecturer_ext_is_fadeout_animation&quot;:&quot;false&quot;}\" data-widget_type=\"photographer-blog-posts.default\">\n\t\t\t\t<div class=\"elementor-widget-container\">\n\t\t\t\t\t<div class=\"blog_post_content_wrapper layout_classic\">\n<!-- Begin each blog post -->\n<div class=\"blog-posts-classic post-9609 post type-post status-publish format-standard has-post-thumbnail hentry category-vetllades-de-mas-generos\">\n\n\t<div class=\"post_wrapper\">\n\t\t\n\t\t\t\t    <div class=\"post_img static\">\n\t\t\t    \t\t\t    <div class=\"post_img_hover classic \">\n\t\t\t     \t\t\t\t\t     <img decoding=\"async\"  src=\"https:\/\/www.masgeneros.com\/wp-content\/uploads\/2020\/03\/P1010194-scaled-1-960x604.jpg\" class=\"\" alt=\"\"\/>\n\t\t\t\t     \t\t\t     \t\t\t\t     \t<a href=\"https:\/\/www.masgeneros.com\/ca\/primera-vetllada-de-mas-generos\/\"><\/a>\n\t\t\t    <\/div>\n\t\t    <\/div>\n\t\t\t    \n\t    <div class=\"post_content_wrapper text_left\">\n\t\t    \n\t\t    <div class=\"post_header\">\n\t\t\t    \t\t\t    <div class=\"post_detail single_post\">\n\t\t\t    \t<span class=\"post_info_cat\">\n\t\t\t\t\t\t\t\t\t\t\t\t      \t<a href=\"https:\/\/www.masgeneros.com\/ca\/category\/vetllades-de-mas-generos\/\">Vetllades de Mas Gener\u00f3s<\/a>\n\t\t\t\t\t\t\t\t\t    \t<\/span>\n\t\t\t \t<\/div>\n\t\t\t \t\t\t\t\t<div class=\"post_header_title\">\n\t\t\t\t    <h5><a href=\"https:\/\/www.masgeneros.com\/ca\/primera-vetllada-de-mas-generos\/\" title=\"Primera vetllada de Mas Gener\u00f3s\">Primera vetllada de Mas Gener\u00f3s<\/a><\/h5>\n\t\t\t\t<\/div>\n\t\t\t<\/div>\n\t    \n\t\t\t<div class=\"post_header_wrapper\">\n\t\t\t\t<p>Divendres, 7 de febrer de 2020 El swing Dels Anys Trenta i Quaranta Ignasi Terraza, piano Artista convidada: Cristina Amils, veu Primera vetllada musical de Mas gener\u00f3s El divendres 7 de febrer celebrem la nostra primera vetllada musical amb un...<\/p>\t\t\t    \t\t\t<\/div>\n\t    <\/div>\n\t    \n\t<\/div>\n\n<\/div>\n<br class=\"clear\"\/>\n<!-- End each blog post --><!-- Begin each blog post -->\n<div class=\"blog-posts-classic post-4745 post type-post status-publish format-standard has-post-thumbnail hentry category-vetllades-de-mas-generos\">\n\n\t<div class=\"post_wrapper\">\n\t\t\n\t\t\t\t    <div class=\"post_img static\">\n\t\t\t    \t\t\t    <div class=\"post_img_hover classic \">\n\t\t\t     \t\t\t\t\t     <img decoding=\"async\"  src=\"https:\/\/www.masgeneros.com\/wp-content\/uploads\/2020\/03\/P1010288-scaled-1-960x604.jpg\" class=\"\" alt=\"\"\/>\n\t\t\t\t     \t\t\t     \t\t\t\t     \t<a href=\"https:\/\/www.masgeneros.com\/ca\/preinauguracio-de-mas-generos\/\"><\/a>\n\t\t\t    <\/div>\n\t\t    <\/div>\n\t\t\t    \n\t    <div class=\"post_content_wrapper text_left\">\n\t\t    \n\t\t    <div class=\"post_header\">\n\t\t\t    \t\t\t    <div class=\"post_detail single_post\">\n\t\t\t    \t<span class=\"post_info_cat\">\n\t\t\t\t\t\t\t\t\t\t\t\t      \t<a href=\"https:\/\/www.masgeneros.com\/ca\/category\/vetllades-de-mas-generos\/\">Vetllades de Mas Gener\u00f3s<\/a>\n\t\t\t\t\t\t\t\t\t    \t<\/span>\n\t\t\t \t<\/div>\n\t\t\t \t\t\t\t\t<div class=\"post_header_title\">\n\t\t\t\t    <h5><a href=\"https:\/\/www.masgeneros.com\/ca\/preinauguracio-de-mas-generos\/\" title=\"Preinauguraci\u00f3 de Mas Gener\u00f3s\">Preinauguraci\u00f3 de Mas Gener\u00f3s<\/a><\/h5>\n\t\t\t\t<\/div>\n\t\t\t<\/div>\n\t    \n\t\t\t<div class=\"post_header_wrapper\">\n\t\t\t\t<p>4 D&#8217;OCTUBRE DE 2019 Festa de Tardor Preinauguraci\u00f3 de Mas Gener\u00f3s Mas Anglada converteix Fonteta cada tardor en un punt de trobada transversal, \u00fanic i ineludible de la societat civil catalana gr\u00e0cies a la capacitat de convocat\u00f2ria de...<\/p>\t\t\t    \t\t\t<\/div>\n\t    <\/div>\n\t    \n\t<\/div>\n\n<\/div>\n<br class=\"clear\"\/>\n<!-- End each blog post --><\/div>\n<br class=\"clear\"\/>\t\t\t\t<\/div>\n\t\t\t\t<\/div>\n\t\t\t\t\t<\/div>\n\t\t<\/div>\n\t\t\t\t\t<\/div>\n\t\t<\/section>\n\t\t\t\t<\/div>\n\t\t","protected":false},"excerpt":{"rendered":"<p>Bodas y celebraciones &nbsp;\u00b7&nbsp; Veladas Mas Gener\u00f3s Preinauguraci\u00f3n de Mas Gener\u00f3s 4 DE OCTUBRE DE 2019 Fiesta de Oto\u00f1o Preinauguraci\u00f3n de Mas Gener\u00f3s Mas Anglada convierte Fonteta cada oto\u00f1o en un punto de encuentro transversal, \u00fanico e ineludible de la [&hellip;]<\/p>\n","protected":false},"author":1,"featured_media":9560,"parent":0,"menu_order":0,"comment_status":"closed","ping_status":"closed","template":"page-r.php","meta":{"footnotes":""},"class_list":["post-4656","page","type-page","status-publish","has-post-thumbnail","hentry"],"yoast_head":"<!-- This site is optimized with the Yoast SEO plugin v27.4 - https:\/\/yoast.com\/product\/yoast-seo-wordpress\/ -->\n<title>Premsa - Mas Gener\u00f3s<\/title>\n<meta name=\"description\" content=\"Troba totes les entrades relacionades amb les vetllades musicals, casaments i d\u2019altres celebracions que acollim a Mas Gener\u00f3s.\" \/>\n<meta name=\"robots\" content=\"index, follow, max-snippet:-1, max-image-preview:large, max-video-preview:-1\" \/>\n<link rel=\"canonical\" href=\"https:\/\/www.masgeneros.com\/ca\/blog-mas-generos\/\" \/>\n<meta property=\"og:locale\" content=\"ca_ES\" \/>\n<meta property=\"og:type\" content=\"article\" \/>\n<meta property=\"og:title\" content=\"Premsa - Mas Gener\u00f3s\" \/>\n<meta property=\"og:description\" content=\"Troba totes les entrades relacionades amb les vetllades musicals, casaments i d\u2019altres celebracions que acollim a Mas Gener\u00f3s.\" \/>\n<meta property=\"og:url\" content=\"https:\/\/www.masgeneros.com\/ca\/blog-mas-generos\/\" \/>\n<meta property=\"og:site_name\" content=\"Mas Gener\u00f3s\" \/>\n<meta property=\"article:modified_time\" content=\"2023-05-04T15:10:17+00:00\" \/>\n<meta property=\"og:image\" content=\"https:\/\/www.masgeneros.com\/wp-content\/uploads\/2022\/06\/DSF0505-copia.jpg\" \/>\n\t<meta property=\"og:image:width\" content=\"1500\" \/>\n\t<meta property=\"og:image:height\" content=\"1266\" \/>\n\t<meta property=\"og:image:type\" content=\"image\/jpeg\" \/>\n<meta name=\"twitter:card\" content=\"summary_large_image\" \/>\n<meta name=\"twitter:label1\" content=\"Temps estimat de lectura\" \/>\n\t<meta name=\"twitter:data1\" content=\"1 minut\" \/>\n<script type=\"application\/ld+json\" class=\"yoast-schema-graph\">{\"@context\":\"https:\\\/\\\/schema.org\",\"@graph\":[{\"@type\":\"WebPage\",\"@id\":\"https:\\\/\\\/www.masgeneros.com\\\/ca\\\/blog-mas-generos\\\/\",\"url\":\"https:\\\/\\\/www.masgeneros.com\\\/ca\\\/blog-mas-generos\\\/\",\"name\":\"Premsa - Mas Gener\u00f3s\",\"isPartOf\":{\"@id\":\"https:\\\/\\\/www.masgeneros.com\\\/ca\\\/#website\"},\"primaryImageOfPage\":{\"@id\":\"https:\\\/\\\/www.masgeneros.com\\\/ca\\\/blog-mas-generos\\\/#primaryimage\"},\"image\":{\"@id\":\"https:\\\/\\\/www.masgeneros.com\\\/ca\\\/blog-mas-generos\\\/#primaryimage\"},\"thumbnailUrl\":\"https:\\\/\\\/www.masgeneros.com\\\/wp-content\\\/uploads\\\/2022\\\/06\\\/DSF0505-copia.jpg\",\"datePublished\":\"2020-03-23T16:51:37+00:00\",\"dateModified\":\"2023-05-04T15:10:17+00:00\",\"description\":\"Troba totes les entrades relacionades amb les vetllades musicals, casaments i d\u2019altres celebracions que acollim a Mas Gener\u00f3s.\",\"breadcrumb\":{\"@id\":\"https:\\\/\\\/www.masgeneros.com\\\/ca\\\/blog-mas-generos\\\/#breadcrumb\"},\"inLanguage\":\"ca\",\"potentialAction\":[{\"@type\":\"ReadAction\",\"target\":[\"https:\\\/\\\/www.masgeneros.com\\\/ca\\\/blog-mas-generos\\\/\"]}]},{\"@type\":\"ImageObject\",\"inLanguage\":\"ca\",\"@id\":\"https:\\\/\\\/www.masgeneros.com\\\/ca\\\/blog-mas-generos\\\/#primaryimage\",\"url\":\"https:\\\/\\\/www.masgeneros.com\\\/wp-content\\\/uploads\\\/2022\\\/06\\\/DSF0505-copia.jpg\",\"contentUrl\":\"https:\\\/\\\/www.masgeneros.com\\\/wp-content\\\/uploads\\\/2022\\\/06\\\/DSF0505-copia.jpg\",\"width\":1500,\"height\":1266},{\"@type\":\"BreadcrumbList\",\"@id\":\"https:\\\/\\\/www.masgeneros.com\\\/ca\\\/blog-mas-generos\\\/#breadcrumb\",\"itemListElement\":[{\"@type\":\"ListItem\",\"position\":1,\"name\":\"Inici\",\"item\":\"https:\\\/\\\/www.masgeneros.com\\\/ca\\\/\"},{\"@type\":\"ListItem\",\"position\":2,\"name\":\"Premsa\"}]},{\"@type\":\"WebSite\",\"@id\":\"https:\\\/\\\/www.masgeneros.com\\\/ca\\\/#website\",\"url\":\"https:\\\/\\\/www.masgeneros.com\\\/ca\\\/\",\"name\":\"Mas Gener\u00f3s\",\"description\":\"Alojamiento rural sostenible en Fonteta, Baix Empord\u00e0\",\"potentialAction\":[{\"@type\":\"SearchAction\",\"target\":{\"@type\":\"EntryPoint\",\"urlTemplate\":\"https:\\\/\\\/www.masgeneros.com\\\/ca\\\/?s={search_term_string}\"},\"query-input\":{\"@type\":\"PropertyValueSpecification\",\"valueRequired\":true,\"valueName\":\"search_term_string\"}}],\"inLanguage\":\"ca\"}]}<\/script>\n<!-- \/ Yoast SEO plugin. -->","yoast_head_json":{"title":"Premsa - Mas Gener\u00f3s","description":"Troba totes les entrades relacionades amb les vetllades musicals, casaments i d\u2019altres celebracions que acollim a Mas Gener\u00f3s.","robots":{"index":"index","follow":"follow","max-snippet":"max-snippet:-1","max-image-preview":"max-image-preview:large","max-video-preview":"max-video-preview:-1"},"canonical":"https:\/\/www.masgeneros.com\/ca\/blog-mas-generos\/","og_locale":"ca_ES","og_type":"article","og_title":"Premsa - Mas Gener\u00f3s","og_description":"Troba totes les entrades relacionades amb les vetllades musicals, casaments i d\u2019altres celebracions que acollim a Mas Gener\u00f3s.","og_url":"https:\/\/www.masgeneros.com\/ca\/blog-mas-generos\/","og_site_name":"Mas Gener\u00f3s","article_modified_time":"2023-05-04T15:10:17+00:00","og_image":[{"width":1500,"height":1266,"url":"https:\/\/www.masgeneros.com\/wp-content\/uploads\/2022\/06\/DSF0505-copia.jpg","type":"image\/jpeg"}],"twitter_card":"summary_large_image","twitter_misc":{"Temps estimat de lectura":"1 minut"},"schema":{"@context":"https:\/\/schema.org","@graph":[{"@type":"WebPage","@id":"https:\/\/www.masgeneros.com\/ca\/blog-mas-generos\/","url":"https:\/\/www.masgeneros.com\/ca\/blog-mas-generos\/","name":"Premsa - Mas Gener\u00f3s","isPartOf":{"@id":"https:\/\/www.masgeneros.com\/ca\/#website"},"primaryImageOfPage":{"@id":"https:\/\/www.masgeneros.com\/ca\/blog-mas-generos\/#primaryimage"},"image":{"@id":"https:\/\/www.masgeneros.com\/ca\/blog-mas-generos\/#primaryimage"},"thumbnailUrl":"https:\/\/www.masgeneros.com\/wp-content\/uploads\/2022\/06\/DSF0505-copia.jpg","datePublished":"2020-03-23T16:51:37+00:00","dateModified":"2023-05-04T15:10:17+00:00","description":"Troba totes les entrades relacionades amb les vetllades musicals, casaments i d\u2019altres celebracions que acollim a Mas Gener\u00f3s.","breadcrumb":{"@id":"https:\/\/www.masgeneros.com\/ca\/blog-mas-generos\/#breadcrumb"},"inLanguage":"ca","potentialAction":[{"@type":"ReadAction","target":["https:\/\/www.masgeneros.com\/ca\/blog-mas-generos\/"]}]},{"@type":"ImageObject","inLanguage":"ca","@id":"https:\/\/www.masgeneros.com\/ca\/blog-mas-generos\/#primaryimage","url":"https:\/\/www.masgeneros.com\/wp-content\/uploads\/2022\/06\/DSF0505-copia.jpg","contentUrl":"https:\/\/www.masgeneros.com\/wp-content\/uploads\/2022\/06\/DSF0505-copia.jpg","width":1500,"height":1266},{"@type":"BreadcrumbList","@id":"https:\/\/www.masgeneros.com\/ca\/blog-mas-generos\/#breadcrumb","itemListElement":[{"@type":"ListItem","position":1,"name":"Inici","item":"https:\/\/www.masgeneros.com\/ca\/"},{"@type":"ListItem","position":2,"name":"Premsa"}]},{"@type":"WebSite","@id":"https:\/\/www.masgeneros.com\/ca\/#website","url":"https:\/\/www.masgeneros.com\/ca\/","name":"Mas Gener\u00f3s","description":"Alojamiento rural sostenible en Fonteta, Baix Empord\u00e0","potentialAction":[{"@type":"SearchAction","target":{"@type":"EntryPoint","urlTemplate":"https:\/\/www.masgeneros.com\/ca\/?s={search_term_string}"},"query-input":{"@type":"PropertyValueSpecification","valueRequired":true,"valueName":"search_term_string"}}],"inLanguage":"ca"}]}},"_links":{"self":[{"href":"https:\/\/www.masgeneros.com\/ca\/wp-json\/wp\/v2\/pages\/4656","targetHints":{"allow":["GET"]}}],"collection":[{"href":"https:\/\/www.masgeneros.com\/ca\/wp-json\/wp\/v2\/pages"}],"about":[{"href":"https:\/\/www.masgeneros.com\/ca\/wp-json\/wp\/v2\/types\/page"}],"author":[{"embeddable":true,"href":"https:\/\/www.masgeneros.com\/ca\/wp-json\/wp\/v2\/users\/1"}],"replies":[{"embeddable":true,"href":"https:\/\/www.masgeneros.com\/ca\/wp-json\/wp\/v2\/comments?post=4656"}],"version-history":[{"count":0,"href":"https:\/\/www.masgeneros.com\/ca\/wp-json\/wp\/v2\/pages\/4656\/revisions"}],"wp:featuredmedia":[{"embeddable":true,"href":"https:\/\/www.masgeneros.com\/ca\/wp-json\/wp\/v2\/media\/9560"}],"wp:attachment":[{"href":"https:\/\/www.masgeneros.com\/ca\/wp-json\/wp\/v2\/media?parent=4656"}],"curies":[{"name":"wp","href":"https:\/\/api.w.org\/{rel}","templated":true}]}}