{"id":5188,"date":"2020-04-16T12:04:44","date_gmt":"2020-04-16T10:04:44","guid":{"rendered":"https:\/\/www.masgeneros.com\/blog-de-mas-generos\/"},"modified":"2023-05-04T17:09:25","modified_gmt":"2023-05-04T15:09:25","slug":"blog-de-mas-generos","status":"publish","type":"page","link":"https:\/\/www.masgeneros.com\/fr\/blog-de-mas-generos\/","title":{"rendered":"Presse"},"content":{"rendered":"\t\t<div data-elementor-type=\"wp-post\" data-elementor-id=\"5188\" class=\"elementor elementor-5188\">\n\t\t\t\t\t\t<section class=\"elementor-section elementor-top-section elementor-element elementor-element-8b36389 elementor-section-boxed elementor-section-height-default elementor-section-height-default\" data-id=\"8b36389\" data-element_type=\"section\" data-e-type=\"section\" data-settings=\"{&quot;architecturer_ext_is_background_parallax&quot;:&quot;false&quot;,&quot;architecturer_ext_is_background_on_scroll&quot;:&quot;false&quot;}\">\n\t\t\t\t\t\t<div class=\"elementor-container elementor-column-gap-default\">\n\t\t\t\t\t<div class=\"elementor-column elementor-col-100 elementor-top-column elementor-element elementor-element-54d54a1\" data-id=\"54d54a1\" data-element_type=\"column\" data-e-type=\"column\" data-settings=\"{&quot;architecturer_ext_is_mobile_menu&quot;:&quot;false&quot;,&quot;architecturer_ext_is_scrollme&quot;:&quot;false&quot;,&quot;architecturer_ext_is_smoove&quot;:&quot;false&quot;,&quot;architecturer_ext_is_parallax_mouse&quot;:&quot;false&quot;,&quot;architecturer_ext_is_infinite&quot;:&quot;false&quot;,&quot;architecturer_ext_is_fadeout_animation&quot;:&quot;false&quot;}\">\n\t\t\t<div class=\"elementor-widget-wrap elementor-element-populated\">\n\t\t\t\t\t\t<div class=\"elementor-element elementor-element-a914183 elementor-widget elementor-widget-photographer-blog-posts\" data-id=\"a914183\" data-element_type=\"widget\" data-e-type=\"widget\" data-settings=\"{&quot;architecturer_ext_is_mobile_menu&quot;:&quot;false&quot;,&quot;architecturer_ext_is_scrollme&quot;:&quot;false&quot;,&quot;architecturer_ext_is_smoove&quot;:&quot;false&quot;,&quot;architecturer_ext_is_parallax_mouse&quot;:&quot;false&quot;,&quot;architecturer_ext_is_infinite&quot;:&quot;false&quot;,&quot;architecturer_ext_is_fadeout_animation&quot;:&quot;false&quot;}\" data-widget_type=\"photographer-blog-posts.default\">\n\t\t\t\t<div class=\"elementor-widget-container\">\n\t\t\t\t\t<div class=\"blog_post_content_wrapper layout_classic\">\n<!-- Begin each blog post -->\n<div class=\"blog-posts-classic post-9617 post type-post status-publish format-standard has-post-thumbnail hentry category-soirees-mas-generos\">\n\n\t<div class=\"post_wrapper\">\n\t\t\n\t\t\t\t    <div class=\"post_img static\">\n\t\t\t    \t\t\t    <div class=\"post_img_hover classic \">\n\t\t\t     \t\t\t\t\t     <img decoding=\"async\"  src=\"https:\/\/www.masgeneros.com\/wp-content\/uploads\/2020\/03\/P1010194-scaled-1-960x604.jpg\" class=\"\" alt=\"\"\/>\n\t\t\t\t     \t\t\t     \t\t\t\t     \t<a href=\"https:\/\/www.masgeneros.com\/fr\/premiere-soiree-musicale-a-mas-generos\/\"><\/a>\n\t\t\t    <\/div>\n\t\t    <\/div>\n\t\t\t    \n\t    <div class=\"post_content_wrapper text_left\">\n\t\t    \n\t\t    <div class=\"post_header\">\n\t\t\t    \t\t\t    <div class=\"post_detail single_post\">\n\t\t\t    \t<span class=\"post_info_cat\">\n\t\t\t\t\t\t\t\t\t\t\t\t      \t<a href=\"https:\/\/www.masgeneros.com\/fr\/category\/soirees-mas-generos\/\">Soir\u00e9es Mas Gener\u00f3s<\/a>\n\t\t\t\t\t\t\t\t\t    \t<\/span>\n\t\t\t \t<\/div>\n\t\t\t \t\t\t\t\t<div class=\"post_header_title\">\n\t\t\t\t    <h5><a href=\"https:\/\/www.masgeneros.com\/fr\/premiere-soiree-musicale-a-mas-generos\/\" title=\"Premi\u00e8re soir\u00e9e musicale \u00e0 Mas Gener\u00f3s\">Premi\u00e8re soir\u00e9e musicale \u00e0 Mas Gener\u00f3s<\/a><\/h5>\n\t\t\t\t<\/div>\n\t\t\t<\/div>\n\t    \n\t\t\t<div class=\"post_header_wrapper\">\n\t\t\t\t<p>Vendredi, 7 f\u00e9vrier 2020 Le swing des ann\u00e9es 30 et 40 Ignasi Terraza, pianoArtiste invit\u00e9e: Cristina Amils, voix Premi\u00e8re soir\u00e9e musicale \u00e0 Mas Gener\u00f3s Le vendredi 7 f\u00e9vrier 2020, nous avons profit\u00e9 de notre premi\u00e8re soir\u00e9e musicale avec...<\/p>\t\t\t    \t\t\t<\/div>\n\t    <\/div>\n\t    \n\t<\/div>\n\n<\/div>\n<br class=\"clear\"\/>\n<!-- End each blog post --><!-- Begin each blog post -->\n<div class=\"blog-posts-classic post-5359 post type-post status-publish format-standard has-post-thumbnail hentry category-bodas-y-celebraciones category-veladas\">\n\n\t<div class=\"post_wrapper\">\n\t\t\n\t\t\t\t    <div class=\"post_img static\">\n\t\t\t    \t\t\t    <div class=\"post_img_hover classic \">\n\t\t\t     \t\t\t\t\t     <img decoding=\"async\"  src=\"https:\/\/www.masgeneros.com\/wp-content\/uploads\/2020\/03\/P1010288-scaled-1-960x604.jpg\" class=\"\" alt=\"\"\/>\n\t\t\t\t     \t\t\t     \t\t\t\t     \t<a href=\"https:\/\/www.masgeneros.com\/fr\/pre-inauguration-de-mas-generos\/\"><\/a>\n\t\t\t    <\/div>\n\t\t    <\/div>\n\t\t\t    \n\t    <div class=\"post_content_wrapper text_left\">\n\t\t    \n\t\t    <div class=\"post_header\">\n\t\t\t    \t\t\t    <div class=\"post_detail single_post\">\n\t\t\t    \t<span class=\"post_info_cat\">\n\t\t\t\t\t\t\t\t\t\t\t\t      \t<a href=\"https:\/\/www.masgeneros.com\/category\/bodas-y-celebraciones\/\">Bodas y celebraciones<\/a>\n\t\t\t\t\t\t&nbsp;&middot;&nbsp;\t\t\t\t\t\t      \t<a href=\"https:\/\/www.masgeneros.com\/category\/veladas\/\">Veladas Mas Gener\u00f3s<\/a>\n\t\t\t\t\t\t\t\t\t    \t<\/span>\n\t\t\t \t<\/div>\n\t\t\t \t\t\t\t\t<div class=\"post_header_title\">\n\t\t\t\t    <h5><a href=\"https:\/\/www.masgeneros.com\/fr\/pre-inauguration-de-mas-generos\/\" title=\"Pr\u00e9-inauguration de Mas Gener\u00f3s.\">Pr\u00e9-inauguration de Mas Gener\u00f3s.<\/a><\/h5>\n\t\t\t\t<\/div>\n\t\t\t<\/div>\n\t    \n\t\t\t<div class=\"post_header_wrapper\">\n\t\t\t\t<p>4 Octobre 2019 Soir\u00e9e d\u2019automne Pr\u00e9-inauguration de Mas Gener\u00f3s Gr\u00e2ce \u00e0 la capacit\u00e9 de convocation de notre voisin Luis Conde, entrepreneur catalan, Fonteta se transforme tous les automnes en un lieu de rencontres essentiel pour la soci\u00e9t\u00e9...<\/p>\t\t\t    \t\t\t<\/div>\n\t    <\/div>\n\t    \n\t<\/div>\n\n<\/div>\n<br class=\"clear\"\/>\n<!-- End each blog post --><\/div>\n<br class=\"clear\"\/>\t\t\t\t<\/div>\n\t\t\t\t<\/div>\n\t\t\t\t\t<\/div>\n\t\t<\/div>\n\t\t\t\t\t<\/div>\n\t\t<\/section>\n\t\t\t\t<\/div>\n\t\t","protected":false},"excerpt":{"rendered":"<p>Bodas y celebraciones &nbsp;\u00b7&nbsp; Veladas Mas Gener\u00f3s Preinauguraci\u00f3n de Mas Gener\u00f3s 4 DE OCTUBRE DE 2019 Fiesta de Oto\u00f1o Preinauguraci\u00f3n de Mas Gener\u00f3s Mas Anglada convierte Fonteta cada oto\u00f1o en un punto de encuentro transversal, \u00fanico e ineludible de la [&hellip;]<\/p>\n","protected":false},"author":1,"featured_media":8207,"parent":0,"menu_order":0,"comment_status":"closed","ping_status":"closed","template":"page-r.php","meta":{"footnotes":""},"class_list":["post-5188","page","type-page","status-publish","has-post-thumbnail","hentry"],"yoast_head":"<!-- This site is optimized with the Yoast SEO plugin v27.4 - https:\/\/yoast.com\/product\/yoast-seo-wordpress\/ -->\n<title>Presse - Mas Gener\u00f3s<\/title>\n<meta name=\"description\" content=\"Retrouvez toutes les entr\u00e9es relatives aux soir\u00e9es musicales, mariages et autres c\u00e9l\u00e9brations que nous accueillons au Mas Gener\u00f3s.\" \/>\n<meta name=\"robots\" content=\"index, follow, max-snippet:-1, max-image-preview:large, max-video-preview:-1\" \/>\n<link rel=\"canonical\" href=\"https:\/\/www.masgeneros.com\/fr\/blog-de-mas-generos\/\" \/>\n<meta property=\"og:locale\" content=\"fr_FR\" \/>\n<meta property=\"og:type\" content=\"article\" \/>\n<meta property=\"og:title\" content=\"Presse - Mas Gener\u00f3s\" \/>\n<meta property=\"og:description\" content=\"Retrouvez toutes les entr\u00e9es relatives aux soir\u00e9es musicales, mariages et autres c\u00e9l\u00e9brations que nous accueillons au Mas Gener\u00f3s.\" \/>\n<meta property=\"og:url\" content=\"https:\/\/www.masgeneros.com\/fr\/blog-de-mas-generos\/\" \/>\n<meta property=\"og:site_name\" content=\"Mas Gener\u00f3s\" \/>\n<meta property=\"article:modified_time\" content=\"2023-05-04T15:09:25+00:00\" \/>\n<meta property=\"og:image\" content=\"https:\/\/www.masgeneros.com\/wp-content\/uploads\/2020\/06\/DSCF2515-2-1.jpg\" \/>\n\t<meta property=\"og:image:width\" content=\"1981\" \/>\n\t<meta property=\"og:image:height\" content=\"703\" \/>\n\t<meta property=\"og:image:type\" content=\"image\/jpeg\" \/>\n<meta name=\"twitter:card\" content=\"summary_large_image\" \/>\n<meta name=\"twitter:label1\" content=\"Dur\u00e9e de lecture estim\u00e9e\" \/>\n\t<meta name=\"twitter:data1\" content=\"1 minute\" \/>\n<script type=\"application\/ld+json\" class=\"yoast-schema-graph\">{\"@context\":\"https:\\\/\\\/schema.org\",\"@graph\":[{\"@type\":\"WebPage\",\"@id\":\"https:\\\/\\\/www.masgeneros.com\\\/fr\\\/blog-de-mas-generos\\\/\",\"url\":\"https:\\\/\\\/www.masgeneros.com\\\/fr\\\/blog-de-mas-generos\\\/\",\"name\":\"Presse - Mas Gener\u00f3s\",\"isPartOf\":{\"@id\":\"https:\\\/\\\/www.masgeneros.com\\\/fr\\\/#website\"},\"primaryImageOfPage\":{\"@id\":\"https:\\\/\\\/www.masgeneros.com\\\/fr\\\/blog-de-mas-generos\\\/#primaryimage\"},\"image\":{\"@id\":\"https:\\\/\\\/www.masgeneros.com\\\/fr\\\/blog-de-mas-generos\\\/#primaryimage\"},\"thumbnailUrl\":\"https:\\\/\\\/www.masgeneros.com\\\/wp-content\\\/uploads\\\/2020\\\/06\\\/DSCF2515-2-1.jpg\",\"datePublished\":\"2020-04-16T10:04:44+00:00\",\"dateModified\":\"2023-05-04T15:09:25+00:00\",\"description\":\"Retrouvez toutes les entr\u00e9es relatives aux soir\u00e9es musicales, mariages et autres c\u00e9l\u00e9brations que nous accueillons au Mas Gener\u00f3s.\",\"breadcrumb\":{\"@id\":\"https:\\\/\\\/www.masgeneros.com\\\/fr\\\/blog-de-mas-generos\\\/#breadcrumb\"},\"inLanguage\":\"fr-FR\",\"potentialAction\":[{\"@type\":\"ReadAction\",\"target\":[\"https:\\\/\\\/www.masgeneros.com\\\/fr\\\/blog-de-mas-generos\\\/\"]}]},{\"@type\":\"ImageObject\",\"inLanguage\":\"fr-FR\",\"@id\":\"https:\\\/\\\/www.masgeneros.com\\\/fr\\\/blog-de-mas-generos\\\/#primaryimage\",\"url\":\"https:\\\/\\\/www.masgeneros.com\\\/wp-content\\\/uploads\\\/2020\\\/06\\\/DSCF2515-2-1.jpg\",\"contentUrl\":\"https:\\\/\\\/www.masgeneros.com\\\/wp-content\\\/uploads\\\/2020\\\/06\\\/DSCF2515-2-1.jpg\",\"width\":1981,\"height\":703},{\"@type\":\"BreadcrumbList\",\"@id\":\"https:\\\/\\\/www.masgeneros.com\\\/fr\\\/blog-de-mas-generos\\\/#breadcrumb\",\"itemListElement\":[{\"@type\":\"ListItem\",\"position\":1,\"name\":\"Inici\",\"item\":\"https:\\\/\\\/www.masgeneros.com\\\/fr\\\/\"},{\"@type\":\"ListItem\",\"position\":2,\"name\":\"Presse\"}]},{\"@type\":\"WebSite\",\"@id\":\"https:\\\/\\\/www.masgeneros.com\\\/fr\\\/#website\",\"url\":\"https:\\\/\\\/www.masgeneros.com\\\/fr\\\/\",\"name\":\"Mas Gener\u00f3s\",\"description\":\"Alojamiento rural sostenible en Fonteta, Baix Empord\u00e0\",\"potentialAction\":[{\"@type\":\"SearchAction\",\"target\":{\"@type\":\"EntryPoint\",\"urlTemplate\":\"https:\\\/\\\/www.masgeneros.com\\\/fr\\\/?s={search_term_string}\"},\"query-input\":{\"@type\":\"PropertyValueSpecification\",\"valueRequired\":true,\"valueName\":\"search_term_string\"}}],\"inLanguage\":\"fr-FR\"}]}<\/script>\n<!-- \/ Yoast SEO plugin. -->","yoast_head_json":{"title":"Presse - Mas Gener\u00f3s","description":"Retrouvez toutes les entr\u00e9es relatives aux soir\u00e9es musicales, mariages et autres c\u00e9l\u00e9brations que nous accueillons au Mas Gener\u00f3s.","robots":{"index":"index","follow":"follow","max-snippet":"max-snippet:-1","max-image-preview":"max-image-preview:large","max-video-preview":"max-video-preview:-1"},"canonical":"https:\/\/www.masgeneros.com\/fr\/blog-de-mas-generos\/","og_locale":"fr_FR","og_type":"article","og_title":"Presse - Mas Gener\u00f3s","og_description":"Retrouvez toutes les entr\u00e9es relatives aux soir\u00e9es musicales, mariages et autres c\u00e9l\u00e9brations que nous accueillons au Mas Gener\u00f3s.","og_url":"https:\/\/www.masgeneros.com\/fr\/blog-de-mas-generos\/","og_site_name":"Mas Gener\u00f3s","article_modified_time":"2023-05-04T15:09:25+00:00","og_image":[{"width":1981,"height":703,"url":"https:\/\/www.masgeneros.com\/wp-content\/uploads\/2020\/06\/DSCF2515-2-1.jpg","type":"image\/jpeg"}],"twitter_card":"summary_large_image","twitter_misc":{"Dur\u00e9e de lecture estim\u00e9e":"1 minute"},"schema":{"@context":"https:\/\/schema.org","@graph":[{"@type":"WebPage","@id":"https:\/\/www.masgeneros.com\/fr\/blog-de-mas-generos\/","url":"https:\/\/www.masgeneros.com\/fr\/blog-de-mas-generos\/","name":"Presse - Mas Gener\u00f3s","isPartOf":{"@id":"https:\/\/www.masgeneros.com\/fr\/#website"},"primaryImageOfPage":{"@id":"https:\/\/www.masgeneros.com\/fr\/blog-de-mas-generos\/#primaryimage"},"image":{"@id":"https:\/\/www.masgeneros.com\/fr\/blog-de-mas-generos\/#primaryimage"},"thumbnailUrl":"https:\/\/www.masgeneros.com\/wp-content\/uploads\/2020\/06\/DSCF2515-2-1.jpg","datePublished":"2020-04-16T10:04:44+00:00","dateModified":"2023-05-04T15:09:25+00:00","description":"Retrouvez toutes les entr\u00e9es relatives aux soir\u00e9es musicales, mariages et autres c\u00e9l\u00e9brations que nous accueillons au Mas Gener\u00f3s.","breadcrumb":{"@id":"https:\/\/www.masgeneros.com\/fr\/blog-de-mas-generos\/#breadcrumb"},"inLanguage":"fr-FR","potentialAction":[{"@type":"ReadAction","target":["https:\/\/www.masgeneros.com\/fr\/blog-de-mas-generos\/"]}]},{"@type":"ImageObject","inLanguage":"fr-FR","@id":"https:\/\/www.masgeneros.com\/fr\/blog-de-mas-generos\/#primaryimage","url":"https:\/\/www.masgeneros.com\/wp-content\/uploads\/2020\/06\/DSCF2515-2-1.jpg","contentUrl":"https:\/\/www.masgeneros.com\/wp-content\/uploads\/2020\/06\/DSCF2515-2-1.jpg","width":1981,"height":703},{"@type":"BreadcrumbList","@id":"https:\/\/www.masgeneros.com\/fr\/blog-de-mas-generos\/#breadcrumb","itemListElement":[{"@type":"ListItem","position":1,"name":"Inici","item":"https:\/\/www.masgeneros.com\/fr\/"},{"@type":"ListItem","position":2,"name":"Presse"}]},{"@type":"WebSite","@id":"https:\/\/www.masgeneros.com\/fr\/#website","url":"https:\/\/www.masgeneros.com\/fr\/","name":"Mas Gener\u00f3s","description":"Alojamiento rural sostenible en Fonteta, Baix Empord\u00e0","potentialAction":[{"@type":"SearchAction","target":{"@type":"EntryPoint","urlTemplate":"https:\/\/www.masgeneros.com\/fr\/?s={search_term_string}"},"query-input":{"@type":"PropertyValueSpecification","valueRequired":true,"valueName":"search_term_string"}}],"inLanguage":"fr-FR"}]}},"_links":{"self":[{"href":"https:\/\/www.masgeneros.com\/fr\/wp-json\/wp\/v2\/pages\/5188","targetHints":{"allow":["GET"]}}],"collection":[{"href":"https:\/\/www.masgeneros.com\/fr\/wp-json\/wp\/v2\/pages"}],"about":[{"href":"https:\/\/www.masgeneros.com\/fr\/wp-json\/wp\/v2\/types\/page"}],"author":[{"embeddable":true,"href":"https:\/\/www.masgeneros.com\/fr\/wp-json\/wp\/v2\/users\/1"}],"replies":[{"embeddable":true,"href":"https:\/\/www.masgeneros.com\/fr\/wp-json\/wp\/v2\/comments?post=5188"}],"version-history":[{"count":0,"href":"https:\/\/www.masgeneros.com\/fr\/wp-json\/wp\/v2\/pages\/5188\/revisions"}],"wp:featuredmedia":[{"embeddable":true,"href":"https:\/\/www.masgeneros.com\/fr\/wp-json\/wp\/v2\/media\/8207"}],"wp:attachment":[{"href":"https:\/\/www.masgeneros.com\/fr\/wp-json\/wp\/v2\/media?parent=5188"}],"curies":[{"name":"wp","href":"https:\/\/api.w.org\/{rel}","templated":true}]}}